{"id":10199,"date":"2020-06-01T13:37:30","date_gmt":"2020-06-01T13:37:30","guid":{"rendered":"https:\/\/www.romamirabilia.com\/?page_id=10199"},"modified":"2020-06-01T14:07:56","modified_gmt":"2020-06-01T14:07:56","slug":"termini-e-condizioni","status":"publish","type":"page","link":"https:\/\/www.romamirabilia.com\/it\/termini-e-condizioni\/","title":{"rendered":"Termini e condizioni"},"content":{"rendered":"[vc_row][vc_column][vc_custom_heading source=&#8221;post_title&#8221; google_fonts=&#8221;font_family:Lora%3Aregular%2Citalic%2C700%2C700italic|font_style:700%20bold%20regular%3A700%3Anormal&#8221;][vc_empty_space][vc_column_text]Per poter utilizzare o aderire ai servizi offerti dal sito Web RomaMirabilia.com e da tutti gli altri domini \/ siti Web subordinati (di seguito denominati &#8220;sito Web&#8221;), \u00e8 necessario che l&#8217;utente (&#8220;Utente&#8221;) accetti le seguenti condizioni generali (propriet\u00e0, contenuto del sito Web, copyright e marchi registrati) in tutte le sue parti.<\/p>\r\n\r\n<p>Il sito Web e tutti i suoi contenuti (ad eccezione delle parti di testo), inclusi marchi, logo, icona e tutto ci\u00f2 che non \u00e8 espressamente citato in queste condizioni, ma che \u00e8 comunque all&#8217;interno del sito Web, sono di propriet\u00e0 del proprietario o di terzi che lo possiedono per fornire servizi.<\/p>\r\n\r\n<p>Questi sono protetti dalla legge italiana e internazionale sul diritto d&#8217;autore. Gli elementi del sito Web (immagini, testi e altre informazioni) non possono essere riprodotti, stampati o pubblicati su altri siti Web senza il consenso scritto del proprietario.<\/p>\r\n\r\n<p>Il sito Web (e i nomi dei prodotti, servizi, grafica e logo) sono marchi registrati dal proprietario. Gli altri prodotti, servizi e nomi di societ\u00e0 citati possono essere marchi registrati dai rispettivi proprietari.<br \/>Il sito Web potrebbe contenere collegamenti a siti Web che non sono gestiti direttamente dal proprietario e forniti solo come semplice riferimento: il proprietario non pu\u00f2 in alcun modo essere ritenuto responsabile per questi. Il proprietario non fornisce alcuna garanzia in merito a questi siti Web e declina qualsiasi responsabilit\u00e0 nei loro confronti. Nel caso in cui l&#8217;utente decida di consultarlo, lo far\u00e0 sempre a proprio rischio.<\/p>\r\n\r\n<p>&nbsp;<\/p>\r\n\r\n<h3 class=\"wp-block-heading\">Esclusione dalla garanzia<\/h3>\r\n\r\n<p>Il proprietario e, di conseguenza, i suoi fornitori non danno alcuna garanzia in merito all&#8217;efficacia del sito Web, alla sua accuratezza, completezza, affidabilit\u00e0 delle informazioni e dei materiali e prodotti in esso contenuti o in relazione alle operazioni eseguite mediante strumenti automatizzati per la loro modifica.<\/p>\r\n\r\n<p>Nella misura consentita dalla legge applicabile, il titolare non rilascia alcuna garanzia, non espressa o espressa, relativa alla commerciabilit\u00e0 e idoneit\u00e0 per uno scopo particolare.<\/p>\r\n\r\n<p>&nbsp;<\/p>\r\n\r\n<h3 class=\"wp-block-heading\">Limitazione di responsabilit\u00e0<\/h3>\r\n\r\n<p>Il proprietario non sar\u00e0 in alcun modo ritenuto responsabile per eventuali danni derivanti dall&#8217;uso del sito Web, inclusi danni diretti, indiretti, accidentali e consequenziali, nonch\u00e9 dal fallimento temporaneo del sito Web e dalla sua inaccessibilit\u00e0.<\/p>\r\n\r\n<p>&nbsp;<\/p>\r\n\r\n<h3 class=\"wp-block-heading\">Uso del sito Web<\/h3>\r\n\r\n<p>Il sito Web non pu\u00f2 in alcun caso essere utilizzato per inviare materiale pornografico o materiale che viola in ogni caso la decenza comune o, pi\u00f9 in generale, \u00e8 illegale e ha scopi diversi da quelli concordati nel punto di adesione del membro e sono citati qui .<\/p>\r\n\r\n<p>Indipendentemente dallo scopo, \u00e8 vietata la riproduzione, la copia, la distribuzione, la vendita, la modifica, la duplicazione o qualunque sia l&#8217;uso del sito Web. L&#8217;uso non autorizzato del sito Web e il materiale in esso contenuto o l&#8217;uso contrario ai termini costituisce una violazione dei diritti di propriet\u00e0 intellettuale applicabili. L&#8217;utente si impegna a rispettare tutte le indicazioni relative a marchi e diritti d&#8217;autore contenute nei materiali scaricati o copiati.<\/p>\r\n\r\n<p>&nbsp;<\/p>\r\n\r\n<h3 class=\"wp-block-heading\">Contributi dell&#8217;utente<\/h3>\r\n\r\n<p>Al momento della partecipazione, l&#8217;utente accetta che, inviando foto, documenti e altri contributi al sito Web, trasferisca l&#8217;utente e i relativi diritti di modifica al proprietario, che (in virt\u00f9 di questo trasferimento) avr\u00e0 il diritto di modificarli in tutto o in parte, per correggere, integrare o rimuovere. L&#8217;inserimento di contributi testuali (o di qualsiasi tipo) pu\u00f2 essere effettuato solo da qualcuno che abbia l&#8217;utente e i diritti di trasmissione pertinenti. Ne consegue che l&#8217;utente si impegna a verificare se il contenuto non \u00e8 gi\u00e0 stato pubblicato altrove (digitale e \/ o su supporto cartaceo), a rispettare i diritti dell&#8217;autore e le normative pertinenti e a completare integralmente tutte le procedure di delega per il nuova pubblicazione su questo sito Web.<\/p>\r\n\r\n<p>Il proprietario si riserva inoltre il diritto di utilizzare i contributi dell&#8217;utente a suo piacimento, anche pubblicandoli su altri siti Web, social network, riviste o trasmissioni radiofoniche e \/ o televisive.<\/p>\r\n\r\n<p>&nbsp;<\/p>\r\n\r\n<h3 class=\"wp-block-heading\">Et\u00e0 e responsabilit\u00e0 dell&#8217;utente<\/h3>\r\n\r\n<p>Quando si accede al sito Web, l&#8217;utente dichiara di essere maggiorenne e di avere la capacit\u00e0 necessaria di utilizzare il sito Web, di accettare le condizioni generali create qui e di accettare qualsiasi responsabilit\u00e0 derivante dall&#8217;uso dello stesso sito Web.<\/p>\r\n\r\n<p>L&#8217;utente che si registra \u00e8 tenuto a inviare dati personali utilizzando mezzi esterni come Facebook o Twitter e garantisce che siano veritieri, corretti e aggiornati. L&#8217;utente riconosce di essere responsabile per qualsiasi utilizzo del sito Web da solo o da parte di qualcuno che utilizza i suoi dati personali.<\/p>\r\n\r\n<p>&nbsp;<\/p>\r\n\r\n<h3 class=\"wp-block-heading\">Condizioni supplementari<\/h3>\r\n\r\n<p>Altri termini e condizioni che differiscono dal presente possono applicarsi alla vendita di beni e servizi o attraverso l&#8217;uso di altre sezioni del sito Web: l&#8217;utente dichiara fin dall&#8217;inizio che si atterr\u00e0 a questi altri termini e condizioni.<\/p>\r\n\r\n<p>&nbsp;<\/p>\r\n\r\n<h3 class=\"wp-block-heading\">Legge applicabile e giurisdizione<\/h3>\r\n\r\n<p>La legge italiana si applica alle presenti condizioni generali, mentre l&#8217;utente \u00e8 responsabile per qualsiasi controversia legale derivante dall&#8217;accesso al sito Web o dal suo utilizzo o in relazione al download o all&#8217;utilizzo del materiale inviato o per qualsiasi altro motivo legale tra l&#8217;utente e l&#8217;utente I titolari o altre persone che hanno lavorato, lavoreranno o lavoreranno sull&#8217;attuazione e sulla gestione della giurisdizione pertinente, vale a dire la Roma, riconosciuta.<\/p>\r\n\r\n<p>&nbsp;<\/p>\r\n\r\n<h3 class=\"wp-block-heading\">Modifica delle condizioni generali<\/h3>\r\n\r\n<p>Il proprietario si riserva il diritto di modificare il sito Web e le condizioni generali esistenti in qualsiasi momento. Le modifiche verranno comunicate sul sito Web e, fatto salvo il diritto di recesso dell&#8217;utente, l&#8217;utente continuer\u00e0 a utilizzare il sito Web in conformit\u00e0 con la versione modificata delle condizioni generali.<\/p>\r\n\r\n<p>&nbsp;<\/p>\r\n\r\n<h3 class=\"wp-block-heading\">Dubbi o domande?<\/h3>\r\n\r\n<p>In caso di dubbi o domande in merito ai termini di utilizzo del sito Web o al suo scopo, \u00e8 possibile contattarci utilizzando questa pagina o l&#8217;indirizzo e-mail <a href=\"mailto:info@romamirabilia.com\">info@romamirabilia.com<\/a>.<\/p>\r\n\r\n<p>&nbsp;<\/p>\r\n\r\n<h3 class=\"wp-block-heading\">Spiegazione della privacy<\/h3>\r\n\r\n<p>Al fine di facilitare il processo di adesione, il sito Web utilizza procedure automatizzate fornite da alcuni siti Web di social network e acquisisce poche informazioni personali pubblicate: per saperne di pi\u00f9, \u00e8 possibile consultare l&#8217;informativa sulla privacy o le spiegazioni all&#8217;indirizzo email <a href=\"mailto:info@romamirabilia.com\">info@romamirabilia.com<\/a>.<\/p>\r\n[\/vc_column_text][\/vc_column][\/vc_row]","protected":false},"excerpt":{"rendered":"<p>[vc_row][vc_column][vc_custom_heading source=&#8221;post_title&#8221; google_fonts=&#8221;font_family:Lora%3Aregular%2Citalic%2C700%2C700italic|font_style:700%20bold%20regular%3A700%3Anormal&#8221;][vc_empty_space][vc_column_text]Per poter utilizzare o aderire ai servizi offerti dal sito Web RomaMirabilia.com e da tutti gli altri domini \/ siti Web subordinati (di seguito denominati &#8220;sito Web&#8221;), \u00e8 necessario che l&#8217;utente (&#8220;Utente&#8221;) accetti le seguenti condizioni generali (propriet\u00e0, contenuto del sito Web, copyright e marchi registrati) in tutte le sue parti. Il sito [&hellip;]<\/p>\n","protected":false},"author":9,"featured_media":10178,"parent":0,"menu_order":10,"comment_status":"closed","ping_status":"closed","template":"","meta":{"_acf_changed":false,"rs_blank_template":"","rs_page_bg_color":"","slide_template_v7":"","footnotes":""},"class_list":["post-10199","page","type-page","status-publish","has-post-thumbnail","hentry"],"acf":[],"yoast_head":"<!-- This site is optimized with the Yoast SEO plugin v27.3 - https:\/\/yoast.com\/product\/yoast-seo-wordpress\/ -->\n<title>Termini e condizioni - Romamirabilia<\/title>\n<meta name=\"robots\" content=\"index, follow, max-snippet:-1, max-image-preview:large, max-video-preview:-1\" \/>\n<link rel=\"canonical\" href=\"https:\/\/www.romamirabilia.com\/it\/termini-e-condizioni\/\" \/>\n<meta property=\"og:locale\" content=\"it_IT\" \/>\n<meta property=\"og:type\" content=\"article\" \/>\n<meta property=\"og:title\" content=\"Termini e condizioni - Romamirabilia\" \/>\n<meta property=\"og:description\" content=\"[vc_row][vc_column][vc_custom_heading source=&#8221;post_title&#8221; google_fonts=&#8221;font_family:Lora%3Aregular%2Citalic%2C700%2C700italic|font_style:700%20bold%20regular%3A700%3Anormal&#8221;][vc_empty_space][vc_column_text]Per poter utilizzare o aderire ai servizi offerti dal sito Web RomaMirabilia.com e da tutti gli altri domini \/ siti Web subordinati (di seguito denominati &#8220;sito Web&#8221;), \u00e8 necessario che l&#8217;utente (&#8220;Utente&#8221;) accetti le seguenti condizioni generali (propriet\u00e0, contenuto del sito Web, copyright e marchi registrati) in tutte le sue parti. Il sito [&hellip;]\" \/>\n<meta property=\"og:url\" content=\"https:\/\/www.romamirabilia.com\/it\/termini-e-condizioni\/\" \/>\n<meta property=\"og:site_name\" content=\"Romamirabilia\" \/>\n<meta property=\"article:publisher\" content=\"https:\/\/www.facebook.com\/Romamirabilia\/\" \/>\n<meta property=\"article:modified_time\" content=\"2020-06-01T14:07:56+00:00\" \/>\n<meta property=\"og:image\" content=\"https:\/\/www.romamirabilia.com\/wp-content\/uploads\/2018\/08\/why-choose-us-bg.jpg\" \/>\n\t<meta property=\"og:image:width\" content=\"2000\" \/>\n\t<meta property=\"og:image:height\" content=\"1080\" \/>\n\t<meta property=\"og:image:type\" content=\"image\/jpeg\" \/>\n<meta name=\"twitter:card\" content=\"summary_large_image\" \/>\n<meta name=\"twitter:site\" content=\"@RomaMirabilia2\" \/>\n<meta name=\"twitter:label1\" content=\"Tempo di lettura stimato\" \/>\n\t<meta name=\"twitter:data1\" content=\"5 minuti\" \/>\n<script type=\"application\/ld+json\" class=\"yoast-schema-graph\">{\"@context\":\"https:\\\/\\\/schema.org\",\"@graph\":[{\"@type\":\"WebPage\",\"@id\":\"https:\\\/\\\/www.romamirabilia.com\\\/it\\\/termini-e-condizioni\\\/\",\"url\":\"https:\\\/\\\/www.romamirabilia.com\\\/it\\\/termini-e-condizioni\\\/\",\"name\":\"Termini e condizioni - Romamirabilia\",\"isPartOf\":{\"@id\":\"https:\\\/\\\/www.romamirabilia.com\\\/it\\\/#website\"},\"primaryImageOfPage\":{\"@id\":\"https:\\\/\\\/www.romamirabilia.com\\\/it\\\/termini-e-condizioni\\\/#primaryimage\"},\"image\":{\"@id\":\"https:\\\/\\\/www.romamirabilia.com\\\/it\\\/termini-e-condizioni\\\/#primaryimage\"},\"thumbnailUrl\":\"https:\\\/\\\/www.romamirabilia.com\\\/wp-content\\\/uploads\\\/2018\\\/08\\\/why-choose-us-bg.jpg\",\"datePublished\":\"2020-06-01T13:37:30+00:00\",\"dateModified\":\"2020-06-01T14:07:56+00:00\",\"breadcrumb\":{\"@id\":\"https:\\\/\\\/www.romamirabilia.com\\\/it\\\/termini-e-condizioni\\\/#breadcrumb\"},\"inLanguage\":\"it-IT\",\"potentialAction\":[{\"@type\":\"ReadAction\",\"target\":[\"https:\\\/\\\/www.romamirabilia.com\\\/it\\\/termini-e-condizioni\\\/\"]}]},{\"@type\":\"ImageObject\",\"inLanguage\":\"it-IT\",\"@id\":\"https:\\\/\\\/www.romamirabilia.com\\\/it\\\/termini-e-condizioni\\\/#primaryimage\",\"url\":\"https:\\\/\\\/www.romamirabilia.com\\\/wp-content\\\/uploads\\\/2018\\\/08\\\/why-choose-us-bg.jpg\",\"contentUrl\":\"https:\\\/\\\/www.romamirabilia.com\\\/wp-content\\\/uploads\\\/2018\\\/08\\\/why-choose-us-bg.jpg\",\"width\":2000,\"height\":1080},{\"@type\":\"BreadcrumbList\",\"@id\":\"https:\\\/\\\/www.romamirabilia.com\\\/it\\\/termini-e-condizioni\\\/#breadcrumb\",\"itemListElement\":[{\"@type\":\"ListItem\",\"position\":1,\"name\":\"Startseite\",\"item\":\"https:\\\/\\\/www.romamirabilia.com\\\/it\\\/\"},{\"@type\":\"ListItem\",\"position\":2,\"name\":\"Termini e condizioni\"}]},{\"@type\":\"WebSite\",\"@id\":\"https:\\\/\\\/www.romamirabilia.com\\\/it\\\/#website\",\"url\":\"https:\\\/\\\/www.romamirabilia.com\\\/it\\\/\",\"name\":\"Romamirabilia\",\"description\":\"Stadtf\u00fchrungen und Touren in Rom\",\"publisher\":{\"@id\":\"https:\\\/\\\/www.romamirabilia.com\\\/it\\\/#organization\"},\"potentialAction\":[{\"@type\":\"SearchAction\",\"target\":{\"@type\":\"EntryPoint\",\"urlTemplate\":\"https:\\\/\\\/www.romamirabilia.com\\\/it\\\/?s={search_term_string}\"},\"query-input\":{\"@type\":\"PropertyValueSpecification\",\"valueRequired\":true,\"valueName\":\"search_term_string\"}}],\"inLanguage\":\"it-IT\"},{\"@type\":\"Organization\",\"@id\":\"https:\\\/\\\/www.romamirabilia.com\\\/it\\\/#organization\",\"name\":\"Romamirabilia\",\"url\":\"https:\\\/\\\/www.romamirabilia.com\\\/it\\\/\",\"logo\":{\"@type\":\"ImageObject\",\"inLanguage\":\"it-IT\",\"@id\":\"https:\\\/\\\/www.romamirabilia.com\\\/it\\\/#\\\/schema\\\/logo\\\/image\\\/\",\"url\":\"https:\\\/\\\/www.romamirabilia.com\\\/wp-content\\\/uploads\\\/2018\\\/01\\\/logo_rm_ti.png\",\"contentUrl\":\"https:\\\/\\\/www.romamirabilia.com\\\/wp-content\\\/uploads\\\/2018\\\/01\\\/logo_rm_ti.png\",\"width\":145,\"height\":163,\"caption\":\"Romamirabilia\"},\"image\":{\"@id\":\"https:\\\/\\\/www.romamirabilia.com\\\/it\\\/#\\\/schema\\\/logo\\\/image\\\/\"},\"sameAs\":[\"https:\\\/\\\/www.facebook.com\\\/Romamirabilia\\\/\",\"https:\\\/\\\/x.com\\\/RomaMirabilia2\",\"https:\\\/\\\/www.youtube.com\\\/channel\\\/UCH34E1h9tCnp8vJ9txu4e4Q?view_as=subscriber\"]}]}<\/script>\n<!-- \/ Yoast SEO plugin. -->","yoast_head_json":{"title":"Termini e condizioni - Romamirabilia","robots":{"index":"index","follow":"follow","max-snippet":"max-snippet:-1","max-image-preview":"max-image-preview:large","max-video-preview":"max-video-preview:-1"},"canonical":"https:\/\/www.romamirabilia.com\/it\/termini-e-condizioni\/","og_locale":"it_IT","og_type":"article","og_title":"Termini e condizioni - Romamirabilia","og_description":"[vc_row][vc_column][vc_custom_heading source=&#8221;post_title&#8221; google_fonts=&#8221;font_family:Lora%3Aregular%2Citalic%2C700%2C700italic|font_style:700%20bold%20regular%3A700%3Anormal&#8221;][vc_empty_space][vc_column_text]Per poter utilizzare o aderire ai servizi offerti dal sito Web RomaMirabilia.com e da tutti gli altri domini \/ siti Web subordinati (di seguito denominati &#8220;sito Web&#8221;), \u00e8 necessario che l&#8217;utente (&#8220;Utente&#8221;) accetti le seguenti condizioni generali (propriet\u00e0, contenuto del sito Web, copyright e marchi registrati) in tutte le sue parti. Il sito [&hellip;]","og_url":"https:\/\/www.romamirabilia.com\/it\/termini-e-condizioni\/","og_site_name":"Romamirabilia","article_publisher":"https:\/\/www.facebook.com\/Romamirabilia\/","article_modified_time":"2020-06-01T14:07:56+00:00","og_image":[{"width":2000,"height":1080,"url":"https:\/\/www.romamirabilia.com\/wp-content\/uploads\/2018\/08\/why-choose-us-bg.jpg","type":"image\/jpeg"}],"twitter_card":"summary_large_image","twitter_site":"@RomaMirabilia2","twitter_misc":{"Tempo di lettura stimato":"5 minuti"},"schema":{"@context":"https:\/\/schema.org","@graph":[{"@type":"WebPage","@id":"https:\/\/www.romamirabilia.com\/it\/termini-e-condizioni\/","url":"https:\/\/www.romamirabilia.com\/it\/termini-e-condizioni\/","name":"Termini e condizioni - Romamirabilia","isPartOf":{"@id":"https:\/\/www.romamirabilia.com\/it\/#website"},"primaryImageOfPage":{"@id":"https:\/\/www.romamirabilia.com\/it\/termini-e-condizioni\/#primaryimage"},"image":{"@id":"https:\/\/www.romamirabilia.com\/it\/termini-e-condizioni\/#primaryimage"},"thumbnailUrl":"https:\/\/www.romamirabilia.com\/wp-content\/uploads\/2018\/08\/why-choose-us-bg.jpg","datePublished":"2020-06-01T13:37:30+00:00","dateModified":"2020-06-01T14:07:56+00:00","breadcrumb":{"@id":"https:\/\/www.romamirabilia.com\/it\/termini-e-condizioni\/#breadcrumb"},"inLanguage":"it-IT","potentialAction":[{"@type":"ReadAction","target":["https:\/\/www.romamirabilia.com\/it\/termini-e-condizioni\/"]}]},{"@type":"ImageObject","inLanguage":"it-IT","@id":"https:\/\/www.romamirabilia.com\/it\/termini-e-condizioni\/#primaryimage","url":"https:\/\/www.romamirabilia.com\/wp-content\/uploads\/2018\/08\/why-choose-us-bg.jpg","contentUrl":"https:\/\/www.romamirabilia.com\/wp-content\/uploads\/2018\/08\/why-choose-us-bg.jpg","width":2000,"height":1080},{"@type":"BreadcrumbList","@id":"https:\/\/www.romamirabilia.com\/it\/termini-e-condizioni\/#breadcrumb","itemListElement":[{"@type":"ListItem","position":1,"name":"Startseite","item":"https:\/\/www.romamirabilia.com\/it\/"},{"@type":"ListItem","position":2,"name":"Termini e condizioni"}]},{"@type":"WebSite","@id":"https:\/\/www.romamirabilia.com\/it\/#website","url":"https:\/\/www.romamirabilia.com\/it\/","name":"Romamirabilia","description":"Stadtf\u00fchrungen und Touren in Rom","publisher":{"@id":"https:\/\/www.romamirabilia.com\/it\/#organization"},"potentialAction":[{"@type":"SearchAction","target":{"@type":"EntryPoint","urlTemplate":"https:\/\/www.romamirabilia.com\/it\/?s={search_term_string}"},"query-input":{"@type":"PropertyValueSpecification","valueRequired":true,"valueName":"search_term_string"}}],"inLanguage":"it-IT"},{"@type":"Organization","@id":"https:\/\/www.romamirabilia.com\/it\/#organization","name":"Romamirabilia","url":"https:\/\/www.romamirabilia.com\/it\/","logo":{"@type":"ImageObject","inLanguage":"it-IT","@id":"https:\/\/www.romamirabilia.com\/it\/#\/schema\/logo\/image\/","url":"https:\/\/www.romamirabilia.com\/wp-content\/uploads\/2018\/01\/logo_rm_ti.png","contentUrl":"https:\/\/www.romamirabilia.com\/wp-content\/uploads\/2018\/01\/logo_rm_ti.png","width":145,"height":163,"caption":"Romamirabilia"},"image":{"@id":"https:\/\/www.romamirabilia.com\/it\/#\/schema\/logo\/image\/"},"sameAs":["https:\/\/www.facebook.com\/Romamirabilia\/","https:\/\/x.com\/RomaMirabilia2","https:\/\/www.youtube.com\/channel\/UCH34E1h9tCnp8vJ9txu4e4Q?view_as=subscriber"]}]}},"_links":{"self":[{"href":"https:\/\/www.romamirabilia.com\/it\/wp-json\/wp\/v2\/pages\/10199","targetHints":{"allow":["GET"]}}],"collection":[{"href":"https:\/\/www.romamirabilia.com\/it\/wp-json\/wp\/v2\/pages"}],"about":[{"href":"https:\/\/www.romamirabilia.com\/it\/wp-json\/wp\/v2\/types\/page"}],"author":[{"embeddable":true,"href":"https:\/\/www.romamirabilia.com\/it\/wp-json\/wp\/v2\/users\/9"}],"replies":[{"embeddable":true,"href":"https:\/\/www.romamirabilia.com\/it\/wp-json\/wp\/v2\/comments?post=10199"}],"version-history":[{"count":0,"href":"https:\/\/www.romamirabilia.com\/it\/wp-json\/wp\/v2\/pages\/10199\/revisions"}],"wp:featuredmedia":[{"embeddable":true,"href":"https:\/\/www.romamirabilia.com\/it\/wp-json\/wp\/v2\/media\/10178"}],"wp:attachment":[{"href":"https:\/\/www.romamirabilia.com\/it\/wp-json\/wp\/v2\/media?parent=10199"}],"curies":[{"name":"wp","href":"https:\/\/api.w.org\/{rel}","templated":true}]}}